{"id":719,"date":"2023-03-29T03:14:02","date_gmt":"2023-03-29T03:14:02","guid":{"rendered":"https:\/\/guselect.com\/?page_id=719"},"modified":"2023-03-31T18:11:51","modified_gmt":"2023-03-31T18:11:51","slug":"719-2","status":"publish","type":"page","link":"https:\/\/guselect.com\/pt\/719-2\/","title":{"rendered":""},"content":{"rendered":"<h2 class=\"has-text-align-center wp-block-heading\"><strong>Pol\u00edtica de Privacidade - Moonleap<\/strong><\/h2>\n\n\n\n<p><em>Last Updated: 31\/03\/202<\/em>3<\/p>\n\n\n\n<p>A pol\u00edtica de privacidade da Guselect visa fornecer uma vis\u00e3o clara de seu uso de nosso t\u00edtulo Moonleap publicado e disponibilizado para voc\u00ea. Ao instalar e usar o Jogo, voc\u00ea concorda com a Pol\u00edtica de Privacidade da Guselect.<\/p>\n\n\n\n<p><strong>DADOS QUE COLETAMOS<\/strong><\/p>\n\n\n\n<p>N\u00e3o armazenamos dados pessoais ou de jogo em nossos servidores nem compartilhamos dados com terceiros.<\/p>\n\n\n\n<p>O jogo coleta apenas os seguintes tipos de dados:<\/p>\n\n\n\n<p>Save Data, que cont\u00e9m o progresso do jogo n\u00e3o pessoal, como desbloqueios, progress\u00e3o de n\u00edvel e conquistas.<\/p>\n\n\n\n<p><strong>ARMAZENAMENTO DE DADOS<\/strong><\/p>\n\n\n\n<p>Os dados descritos nesta Pol\u00edtica de Privacidade s\u00e3o armazenados localmente em seu dispositivo. Se voc\u00ea n\u00e3o deseja que os Jogos coletem esses dados e informa\u00e7\u00f5es, remova o Jogo do seu dispositivo.<\/p>\n\n\n\n<p><strong>CRIAN\u00c7AS<\/strong><\/p>\n\n\n\n<p>A Guselect cumpre todas as leis e regulamentos de privacidade aplic\u00e1veis relativos a crian\u00e7as e \u00e0 Internet. Guselect limita a coleta de dados \u00e0s opera\u00e7\u00f5es internas do jogo.<\/p>\n\n\n\n<p><strong>ALTERA\u00c7\u00d5ES \u00c0 NOSSA POL\u00cdTICA DE PRIVACIDADE<\/strong><\/p>\n\n\n\n<p>Guselect pode atualizar nossa pol\u00edtica de privacidade de tempos em tempos. Se fizermos altera\u00e7\u00f5es materiais na forma como tratamos as informa\u00e7\u00f5es pessoais de nossos usu\u00e1rios, publicaremos a nova pol\u00edtica de privacidade nesta p\u00e1gina com aviso de que a pol\u00edtica de privacidade foi atualizada. A data em que a pol\u00edtica de privacidade foi revisada pela \u00faltima vez pode ser localizada no topo da p\u00e1gina. Voc\u00ea \u00e9 respons\u00e1vel por visitar periodicamente esta pol\u00edtica de privacidade para verificar quaisquer altera\u00e7\u00f5es.<\/p>\n\n\n\n<p><strong>CONTATE-NOS<\/strong><\/p>\n\n\n\n<p>Se voc\u00ea tiver outras solicita\u00e7\u00f5es, perguntas ou coment\u00e1rios sobre a Pol\u00edtica de Privacidade ou nossa coleta de dados, entre em contato conosco em contato@guselect.com<\/p>\n\n\n\n<p>Suporte de privacidade<\/p>\n\n\n\n<p>Guselect (Gustavo Barros)<\/p>","protected":false},"excerpt":{"rendered":"<p>Privacy Policy &#8211; Moonleap Last Updated: 31\/03\/2023 Guselect Privacy Policy aims to provide a clear view of your use of our title Moonleap published and made available to you. By installing and using the Game, you agree to Guselect\u2019s Privacy Policy. DATA WE COLLECT We do not store personal or gameplay data on our servers [&hellip;]<\/p>","protected":false},"author":1,"featured_media":0,"parent":0,"menu_order":0,"comment_status":"closed","ping_status":"closed","template":"","meta":{"_eb_attr":"","pgc_sgb_lightbox_settings":"","footnotes":""},"class_list":["post-719","page","type-page","status-publish","hentry"],"_links":{"self":[{"href":"https:\/\/guselect.com\/pt\/wp-json\/wp\/v2\/pages\/719","targetHints":{"allow":["GET"]}}],"collection":[{"href":"https:\/\/guselect.com\/pt\/wp-json\/wp\/v2\/pages"}],"about":[{"href":"https:\/\/guselect.com\/pt\/wp-json\/wp\/v2\/types\/page"}],"author":[{"embeddable":true,"href":"https:\/\/guselect.com\/pt\/wp-json\/wp\/v2\/users\/1"}],"replies":[{"embeddable":true,"href":"https:\/\/guselect.com\/pt\/wp-json\/wp\/v2\/comments?post=719"}],"version-history":[{"count":3,"href":"https:\/\/guselect.com\/pt\/wp-json\/wp\/v2\/pages\/719\/revisions"}],"predecessor-version":[{"id":724,"href":"https:\/\/guselect.com\/pt\/wp-json\/wp\/v2\/pages\/719\/revisions\/724"}],"wp:attachment":[{"href":"https:\/\/guselect.com\/pt\/wp-json\/wp\/v2\/media?parent=719"}],"curies":[{"name":"wp","href":"https:\/\/api.w.org\/{rel}","templated":true}]}}