{"id":247,"date":"2022-08-10T21:15:00","date_gmt":"2022-08-10T21:15:00","guid":{"rendered":"https:\/\/guselect.com\/?page_id=247"},"modified":"2023-11-24T19:41:51","modified_gmt":"2023-11-24T19:41:51","slug":"presskit","status":"publish","type":"page","link":"https:\/\/guselect.com\/pt\/presskit\/","title":{"rendered":"Sobre Guselect"},"content":{"rendered":"<div style=\"height:25px\" aria-hidden=\"true\" class=\"wp-block-spacer\"><\/div>\n\n\n\n<div class=\"wp-block-buttons is-content-justification-center is-layout-flex wp-container-core-buttons-is-layout-1 wp-block-buttons-is-layout-flex\">\n<div class=\"wp-block-button has-custom-font-size has-small-font-size\"><a class=\"wp-block-button__link has-luminous-vivid-amber-background-color has-text-color has-background wp-element-button\" href=\"https:\/\/drive.google.com\/drive\/folders\/1HGwIjaRzfQcLsqqN3ncpKT6cZKzbum5z?usp=sharing\" style=\"border-radius:5px;color:#040436\" target=\"_blank\" rel=\"noreferrer noopener\">Baixe os Arquivos do Press Kit<\/a><\/div>\n<\/div>\n\n\n\n<div style=\"height:25px\" aria-hidden=\"true\" class=\"wp-block-spacer\"><\/div>\n\n\n\n<div class=\"wp-block-columns is-layout-flex wp-container-core-columns-is-layout-1 wp-block-columns-is-layout-flex\">\n<div class=\"wp-block-column is-layout-flow wp-block-column-is-layout-flow\">\n<h2 class=\"wp-block-heading\">Descri\u00e7\u00e3o<\/h2>\n\n\n\n<p>Guselect (Gustavo Barros) \u00e9 desenvolvedor de jogos, artista, youtuber e fundador da @guseleprod, adora pixel art e cachorrinhos. Guselect cria jogos desde crian\u00e7a<\/p>\n\n\n\n<p>Seus jogos no <a rel=\"noreferrer noopener\" href=\"https:\/\/guselect.itch.io\/\" target=\"_blank\">itch.io<\/a> tem mais de 100 mil downloads e seu <a href=\"https:\/\/www.youtube.com\/c\/BotoSelect\">Canal do Youtube<\/a> tem mais de 22 milh\u00f5es de visualiza\u00e7\u00f5es e 500.000 inscritos.<\/p>\n\n\n\n<blockquote class=\"wp-block-quote is-layout-flow wp-block-quote-is-layout-flow\">\n<p>\u201cQuando eu tinha cinco anos, ganhei um console Sega Mega Drive de um parente e esse presente mudou minha vida completamente! Eu era obcecado por jogos. Enchi cadernos com desenhos de personagens, desenhei jogos que n\u00e3o existiam! Quando eu tinha oito anos, ganhei um computador e comecei a pesquisar como criar jogos.\u201d<\/p>\n<cite>Guselect na entrevista do Game Maker<\/cite><\/blockquote>\n\n\n\n<h2 class=\"wp-block-heading\">Projetos<\/h2>\n\n\n\n<p><a href=\"https:\/\/guselect.itch.io\/moonleap\">Moonleap &#8211; 2022<\/a><\/p>\n\n\n\n<p><a href=\"https:\/\/guselect.itch.io\/starboy-adventures\">Starboy Adventures &#8211; ????<\/a><\/p>\n\n\n\n<p><a href=\"https:\/\/play.google.com\/store\/apps\/details?id=com.guseleprod.game\">Donut Be Seen &#8211; 2021<\/a><\/p>\n\n\n\n<p><a href=\"https:\/\/guselect.itch.io\/comeback\">Comeback &#8211; 2020<\/a><\/p>\n\n\n\n<p><a href=\"https:\/\/guselect.itch.io\/cheese-bit\">Cheese Bit &#8211; 2021<\/a><\/p>\n\n\n\n<p><a href=\"https:\/\/guselect.itch.io\/serial\" target=\"_blank\" rel=\"noreferrer noopener\">Serial Prototype &#8211; 2013<\/a><\/p>\n<\/div>\n\n\n\n<div class=\"wp-block-column is-layout-flow wp-block-column-is-layout-flow\">\n<figure class=\"wp-block-embed is-type-video is-provider-youtube wp-block-embed-youtube wp-embed-aspect-16-9 wp-has-aspect-ratio\"><div class=\"wp-block-embed__wrapper\">\n<iframe loading=\"lazy\" title=\"Cria\u00e7\u00e3o de Games | 25\/08\/22\" width=\"500\" height=\"281\" src=\"https:\/\/www.youtube.com\/embed\/Wzz_ClE_4JI?feature=oembed\" frameborder=\"0\" allow=\"accelerometer; autoplay; clipboard-write; encrypted-media; gyroscope; picture-in-picture; web-share\" referrerpolicy=\"strict-origin-when-cross-origin\" allowfullscreen><\/iframe>\n<\/div><figcaption class=\"wp-element-caption\">Guselect falando sobre o Moonleap na TV Cultura, Emissora p\u00fablica que transmite para todo o Brasil.<\/figcaption><\/figure>\n\n\n\n<h2 class=\"wp-block-heading\">Links Adicionais<\/h2>\n\n\n\n<p><a href=\"https:\/\/guselect.com\/pt\/moonleap-presskit\/\">Moonleap Presskit<\/a><\/p>\n\n\n\n<p class=\"translation-block\"><a rel=\"noreferrer noopener\" href=\"https:\/\/opr.as\/guselect-gm\" target=\"_blank\">Entrevista<\/a><a rel=\"noreferrer noopener\" href=\"https:\/\/opr.as\/guselect-gm\" target=\"_blank\"><\/a><a href=\"https:\/\/opr.as\/guselect-gm\" target=\"_blank\" rel=\"noreferrer noopener\"> do<\/a><a rel=\"noreferrer noopener\" href=\"https:\/\/opr.as\/guselect-gm\" target=\"_blank\"> Game Maker<\/a><\/p>\n\n\n\n<h2 class=\"wp-block-heading\">Contato<\/h2>\n\n\n\n<p><strong>Email<\/strong><br><a href=\"mailto:contato@guselect.com\">contato@guselect.com<\/a><\/p>\n\n\n\n<p><strong>Twitter<\/strong><br><a href=\"https:\/\/twitter.com\/guselect\">https:\/\/twitter.com\/guselect<\/a><\/p>\n\n\n\n<figure class=\"wp-block-image size-large\"><a href=\"https:\/\/guselect.com\/wp-content\/uploads\/2022\/08\/dsc_0127.png\"><img loading=\"lazy\" decoding=\"async\" width=\"1024\" height=\"576\" src=\"https:\/\/guselect.com\/wp-content\/uploads\/2022\/08\/dsc_0127-1024x576.png\" alt=\"\" class=\"wp-image-236\" srcset=\"https:\/\/guselect.com\/wp-content\/uploads\/2022\/08\/dsc_0127-1024x576.png 1024w, https:\/\/guselect.com\/wp-content\/uploads\/2022\/08\/dsc_0127-300x169.png 300w, https:\/\/guselect.com\/wp-content\/uploads\/2022\/08\/dsc_0127-768x432.png 768w, https:\/\/guselect.com\/wp-content\/uploads\/2022\/08\/dsc_0127-1536x864.png 1536w, https:\/\/guselect.com\/wp-content\/uploads\/2022\/08\/dsc_0127.png 1920w\" sizes=\"auto, (max-width: 1024px) 100vw, 1024px\" \/><\/a><\/figure>\n\n\n\n<figure class=\"wp-block-image size-large\"><a href=\"https:\/\/guselect.com\/wp-content\/uploads\/2022\/08\/IMG_20220715_140520.jpg\"><img loading=\"lazy\" decoding=\"async\" width=\"1024\" height=\"576\" src=\"https:\/\/guselect.com\/wp-content\/uploads\/2022\/08\/IMG_20220715_140520-1024x576.jpg\" alt=\"\" class=\"wp-image-233\" srcset=\"https:\/\/guselect.com\/wp-content\/uploads\/2022\/08\/IMG_20220715_140520-1024x576.jpg 1024w, https:\/\/guselect.com\/wp-content\/uploads\/2022\/08\/IMG_20220715_140520-300x169.jpg 300w, https:\/\/guselect.com\/wp-content\/uploads\/2022\/08\/IMG_20220715_140520-768x432.jpg 768w, https:\/\/guselect.com\/wp-content\/uploads\/2022\/08\/IMG_20220715_140520-1536x864.jpg 1536w, https:\/\/guselect.com\/wp-content\/uploads\/2022\/08\/IMG_20220715_140520.jpg 1680w\" sizes=\"auto, (max-width: 1024px) 100vw, 1024px\" \/><\/a><\/figure>\n\n\n\n<figure class=\"wp-block-image size-large\"><a href=\"https:\/\/guselect.com\/wp-content\/uploads\/2022\/08\/2020-06-21-05.21.47-1.jpg\"><img loading=\"lazy\" decoding=\"async\" width=\"1024\" height=\"575\" src=\"https:\/\/guselect.com\/wp-content\/uploads\/2022\/08\/2020-06-21-05.21.47-1-1024x575.jpg\" alt=\"\" class=\"wp-image-232\" srcset=\"https:\/\/guselect.com\/wp-content\/uploads\/2022\/08\/2020-06-21-05.21.47-1-1024x575.jpg 1024w, https:\/\/guselect.com\/wp-content\/uploads\/2022\/08\/2020-06-21-05.21.47-1-300x169.jpg 300w, https:\/\/guselect.com\/wp-content\/uploads\/2022\/08\/2020-06-21-05.21.47-1-768x432.jpg 768w, https:\/\/guselect.com\/wp-content\/uploads\/2022\/08\/2020-06-21-05.21.47-1-1536x863.jpg 1536w, https:\/\/guselect.com\/wp-content\/uploads\/2022\/08\/2020-06-21-05.21.47-1.jpg 1680w\" sizes=\"auto, (max-width: 1024px) 100vw, 1024px\" \/><\/a><\/figure>\n<\/div>\n<\/div>\n\n\n\n<blockquote class=\"wp-block-quote is-layout-flow wp-block-quote-is-layout-flow\">\n<p>\u201cGosto de me chamar de artista para lembrar a todos que os jogos s\u00e3o de fato arte. Sinto que a cada dia que passa as pessoas entendem isso um pouco mais.\u201d<\/p>\n<cite>Guselect na entrevista do Game Maker<\/cite><\/blockquote>","protected":false},"excerpt":{"rendered":"<p>Description Guselect (Gustavo Barros) is a game developer and content creator from Brazil, loves pixel art and puppies. Guselect has been creating games since he was a child. His games on itch.io have over 100k downloads and his YouTube Channel has over 22 million views and 500,000 subscribers. &#8220;When I was five years old, I [&hellip;]<\/p>","protected":false},"author":1,"featured_media":236,"parent":0,"menu_order":0,"comment_status":"closed","ping_status":"closed","template":"","meta":{"_eb_attr":"","pgc_sgb_lightbox_settings":"","footnotes":""},"class_list":["post-247","page","type-page","status-publish","has-post-thumbnail","hentry"],"_links":{"self":[{"href":"https:\/\/guselect.com\/pt\/wp-json\/wp\/v2\/pages\/247","targetHints":{"allow":["GET"]}}],"collection":[{"href":"https:\/\/guselect.com\/pt\/wp-json\/wp\/v2\/pages"}],"about":[{"href":"https:\/\/guselect.com\/pt\/wp-json\/wp\/v2\/types\/page"}],"author":[{"embeddable":true,"href":"https:\/\/guselect.com\/pt\/wp-json\/wp\/v2\/users\/1"}],"replies":[{"embeddable":true,"href":"https:\/\/guselect.com\/pt\/wp-json\/wp\/v2\/comments?post=247"}],"version-history":[{"count":13,"href":"https:\/\/guselect.com\/pt\/wp-json\/wp\/v2\/pages\/247\/revisions"}],"predecessor-version":[{"id":755,"href":"https:\/\/guselect.com\/pt\/wp-json\/wp\/v2\/pages\/247\/revisions\/755"}],"wp:featuredmedia":[{"embeddable":true,"href":"https:\/\/guselect.com\/pt\/wp-json\/wp\/v2\/media\/236"}],"wp:attachment":[{"href":"https:\/\/guselect.com\/pt\/wp-json\/wp\/v2\/media?parent=247"}],"curies":[{"name":"wp","href":"https:\/\/api.w.org\/{rel}","templated":true}]}}